{"id":8,"date":"2022-01-08T12:35:55","date_gmt":"2022-01-08T15:35:55","guid":{"rendered":"https:\/\/www.cabanhadafigueira.com.br\/site\/?page_id=8"},"modified":"2022-03-30T22:11:34","modified_gmt":"2022-03-31T01:11:34","slug":"inicio","status":"publish","type":"page","link":"https:\/\/www.cabanhadafigueira.com.br\/site\/","title":{"rendered":"In\u00edcio"},"content":{"rendered":"<div class=\"advanced-slider\" id=\"slider-pro-1\" tabindex=\"0\" style=\"width: px; height: px;\">\n\t<div class=\"slides\">\n\t\t<div class=\"slide\" >\n\t\t\t<img decoding=\"async\" class=\"image\" src=\"https:\/\/www.cabanhadafigueira.com.br\/site\/wp-content\/uploads\/2023\/04\/4.jpg\" alt=\"\"\/>\n\t\t\t<img decoding=\"async\" class=\"thumbnail\" src=\"https:\/\/www.cabanhadafigueira.com.br\/site\/wp-content\/plugins\/slider-pro\/includes\/timthumb\/timthumb.php?q=95&amp;w=80&amp;h=50&amp;a=c&amp;zc=1&amp;src=https:\/\/www.cabanhadafigueira.com.br\/site\/wp-content\/uploads\/2023\/04\/4.jpg\" alt=\"\"\/>\n\t\t<\/div>\n\t\t<div class=\"slide\" >\n\t\t\t<img decoding=\"async\" class=\"image\" src=\"https:\/\/www.cabanhadafigueira.com.br\/site\/wp-content\/uploads\/2022\/02\/3.jpg\" alt=\"\"\/>\n\t\t\t<img decoding=\"async\" class=\"thumbnail\" src=\"https:\/\/www.cabanhadafigueira.com.br\/site\/wp-content\/plugins\/slider-pro\/includes\/timthumb\/timthumb.php?q=95&amp;w=80&amp;h=50&amp;a=c&amp;zc=1&amp;src=https:\/\/www.cabanhadafigueira.com.br\/site\/wp-content\/uploads\/2022\/02\/3.jpg\" alt=\"\"\/>\n\t\t<\/div>\n\t\t<div class=\"slide\" >\n\t\t\t<img decoding=\"async\" class=\"image\" src=\"https:\/\/www.cabanhadafigueira.com.br\/site\/wp-content\/uploads\/2022\/02\/1.jpg\" alt=\"\"\/>\n\t\t\t<img decoding=\"async\" class=\"thumbnail\" src=\"https:\/\/www.cabanhadafigueira.com.br\/site\/wp-content\/plugins\/slider-pro\/includes\/timthumb\/timthumb.php?q=95&amp;w=80&amp;h=50&amp;a=c&amp;zc=1&amp;src=https:\/\/www.cabanhadafigueira.com.br\/site\/wp-content\/uploads\/2022\/02\/1.jpg\" alt=\"\"\/>\n\t\t<\/div>\n\t\t<div class=\"slide\" >\n\t\t\t<img decoding=\"async\" class=\"image\" src=\"https:\/\/www.cabanhadafigueira.com.br\/site\/wp-content\/uploads\/2022\/02\/2.jpg\" alt=\"\"\/>\n\t\t\t<img decoding=\"async\" class=\"thumbnail\" src=\"https:\/\/www.cabanhadafigueira.com.br\/site\/wp-content\/plugins\/slider-pro\/includes\/timthumb\/timthumb.php?q=95&amp;w=80&amp;h=50&amp;a=c&amp;zc=1&amp;src=https:\/\/www.cabanhadafigueira.com.br\/site\/wp-content\/uploads\/2022\/02\/2.jpg\" alt=\"\"\/>\n\t\t<\/div>\n\t<\/div>\n<\/div>\n\n\n<div style=\"display: none;\">\n<p>cabanha panambi cavalo panambi, \u00e9gua em panambi, matriz, Panambi RS, matriz e cabanha potro panambi<\/p>\n<h1>matriz em Panambi,\u00a0\u00e9gua panambi, cavalo panambi,<\/h1>\n<h2>matriz em panambi, cabanha panambi e regi\u00e3o, cavalo panambi em panambi, matriz venda \u00e9gua cabanha potro panambi, cabanha em panambi rs, matriz, para panambi e regi\u00e3o, matriz para panambi e regi\u00e3o\u00a0cabanha potro cabanha potro panambi de matriz em panambi, cabanha panambi e regi\u00e3o, cavalo panambi em panambi, matriz venda \u00e9gua cabanha potro panambi, cabanha em panambi rs, matriz,<a title=\"cabanha potro cabanha potro panambi de matriz em panambi, cabanha panambi e regi\u00e3o, cavalo panambi em panambi, matriz venda \u00e9gua cabanha potro panambi, cabanha em panambi rs, matriz, para panambi e regi\u00e3o, matriz para panambi e regi\u00e3o\" href=\"https:\/\/www.cabanhadafigueira.com.br\">para panambi e regi\u00e3o, matriz para panambi e regi\u00e3o\u00a0cabanha potro cabanha potro panambi de matriz em panambi, cabanha panambi e regi\u00e3o, cavalo panambi em panambi, matriz venda \u00e9gua cabanha potro panambi, cabanha em panambi rs, matriz<\/a>, para panambi e regi\u00e3o, matriz para panambi e regi\u00e3o\u00a0cabanha potro cabanha potro panambi de matriz em panambi, cabanha panambi e regi\u00e3o, cavalo panambi em panambi, matriz venda \u00e9gua cabanha potro panambi, cabanha em panambi rs, matriz, para panambi e regi\u00e3o, matriz para panambi e regi\u00e3o\u00a0cabanha potro cabanha potro panambi de matriz em panambi, cabanha panambi e regi\u00e3o, cavalo panambi em panambi, matriz venda \u00e9gua cabanha potro panambi, cabanha em panambi rs, matriz, para panambi e regi\u00e3o,<a title=\"cabanha potro cabanha potro panambi de matriz em panambi, cabanha panambi e regi\u00e3o, cavalo panambi em panambi, matriz venda \u00e9gua cabanha potro panambi, cabanha em panambi rs, matriz, para panambi e regi\u00e3o, matriz para panambi e regi\u00e3o\" href=\"https:\/\/www.cabanhadafigueira.com.br\/site\">matriz para panambi e regi\u00e3o\u00a0cabanha potro cabanha potro panambi de matriz em panambi, cabanha panambi e regi\u00e3o, cria\u00e7\u00e3o de sit<\/a>es em panambi, matriz venda \u00e9gua cabanha potro panambi, cabanha em panambi rs, matriz, para panambi e regi\u00e3o, matriz para panambi e regi\u00e3o<\/h2>\n<div id=\"attachment_747\" style=\"width: 353px\" class=\"wp-caption aligncenter\"><a href=\"https:\/\/www.cabanhadafigueira.com.br\/site\/wp-content\/uploads\/2013\/06\/panambi.jpg\"><img decoding=\"async\" aria-describedby=\"caption-attachment-747\" class=\"size-full wp-image-747 \" title=\"cabanha potro cabanha potro panambi de matriz em Panambi\" src=\"https:\/\/www.cabanhadafigueira.com.br\/site\/wp-content\/uploads\/2013\/06\/panambi.jpg\" alt=\"cabanha potro cabanha potro panambi de matriz em Panambi\" width=\"343\" height=\"300\" loading=\"lazy\" \/><\/a><p id=\"caption-attachment-747\" class=\"wp-caption-text\">cabanha potro cabanha potro panambi de matriz em Panambi<\/p><\/div>\n<\/div>\n","protected":false},"excerpt":{"rendered":"<p>cabanha panambi cavalo panambi, \u00e9gua em panambi, matriz, Panambi RS, matriz e cabanha potro panambi matriz em Panambi,\u00a0\u00e9gua panambi, cavalo panambi, matriz em panambi, cabanha panambi e regi\u00e3o, cavalo panambi em panambi, matriz venda \u00e9gua cabanha potro panambi, cabanha em panambi rs, matriz, para panambi e regi\u00e3o, matriz para panambi e regi\u00e3o\u00a0cabanha potro cabanha potro [&hellip;]<\/p>\n","protected":false},"author":1,"featured_media":0,"parent":0,"menu_order":0,"comment_status":"closed","ping_status":"closed","template":"template-inicio.php","meta":{"footnotes":""},"class_list":["post-8","page","type-page","status-publish","hentry"],"_links":{"self":[{"href":"https:\/\/www.cabanhadafigueira.com.br\/site\/wp-json\/wp\/v2\/pages\/8"}],"collection":[{"href":"https:\/\/www.cabanhadafigueira.com.br\/site\/wp-json\/wp\/v2\/pages"}],"about":[{"href":"https:\/\/www.cabanhadafigueira.com.br\/site\/wp-json\/wp\/v2\/types\/page"}],"author":[{"embeddable":true,"href":"https:\/\/www.cabanhadafigueira.com.br\/site\/wp-json\/wp\/v2\/users\/1"}],"replies":[{"embeddable":true,"href":"https:\/\/www.cabanhadafigueira.com.br\/site\/wp-json\/wp\/v2\/comments?post=8"}],"version-history":[{"count":18,"href":"https:\/\/www.cabanhadafigueira.com.br\/site\/wp-json\/wp\/v2\/pages\/8\/revisions"}],"predecessor-version":[{"id":126,"href":"https:\/\/www.cabanhadafigueira.com.br\/site\/wp-json\/wp\/v2\/pages\/8\/revisions\/126"}],"wp:attachment":[{"href":"https:\/\/www.cabanhadafigueira.com.br\/site\/wp-json\/wp\/v2\/media?parent=8"}],"curies":[{"name":"wp","href":"https:\/\/api.w.org\/{rel}","templated":true}]}}